{"id":820,"date":"2024-10-24T23:32:48","date_gmt":"2024-10-24T21:32:48","guid":{"rendered":"https:\/\/yokaidistri.com\/index.php\/produit\/demon-slayer-verre-xxl-400-ml-groupe\/"},"modified":"2024-10-27T18:32:04","modified_gmt":"2024-10-27T17:32:04","slug":"demon-slayer-verre-xxl-400-ml-groupe","status":"publish","type":"product","link":"https:\/\/yokaidistri.com\/index.php\/produit\/demon-slayer-verre-xxl-400-ml-groupe\/","title":{"rendered":"DEMON SLAYER &#8211; Verre XXL &#8211; 400 ml &#8211; Groupe"},"content":{"rendered":"<p>DEMON SLAYER Verre XXL Groupe<\/p>\n<p>Devenez un tueur de d\u00e9mon ! <\/p>\n<p>Un d\u00e9mon proche de Kibutsuji Muzan a \u00e9t\u00e9 aper\u00e7u dans un village non loin ! Retrouvez Tanjiro, Nezuko, Zenitsu et Inosuke sur ce verre XXL Demon Slayer par ABYstyle et partez \u00e0 la chasse aux d\u00e9mons !<\/p>\n<p>Mati\u00e8re : verre haute qualit\u00e9.<br \/>\nGrande contenance (40 cl).<br \/>\nNe passe pas au micro-ondes ou au lave-vaisselle.<\/p>\n<p>EAN : 3665361064756<\/p>\n","protected":false},"excerpt":{"rendered":"<p>Demon Slayer<\/p>\n","protected":false},"featured_media":0,"comment_status":"open","ping_status":"closed","template":"","meta":[],"product_brand":[],"product_cat":[308],"product_tag":[],"class_list":{"0":"post-820","1":"product","2":"type-product","3":"status-publish","5":"product_cat-verres-xxl","7":"first","8":"instock","9":"taxable","10":"shipping-taxable","11":"product-type-simple"},"yoast_head":"<!-- This site is optimized with the Yoast SEO plugin v26.5 - https:\/\/yoast.com\/wordpress\/plugins\/seo\/ -->\n<title>DEMON SLAYER - Verre XXL - 400 ml - Groupe - Yokai Distri<\/title>\n<meta name=\"robots\" content=\"index, follow, max-snippet:-1, max-image-preview:large, max-video-preview:-1\" \/>\n<link rel=\"canonical\" href=\"https:\/\/yokaidistri.com\/index.php\/produit\/demon-slayer-verre-xxl-400-ml-groupe\/\" \/>\n<meta property=\"og:locale\" content=\"fr_FR\" \/>\n<meta property=\"og:type\" content=\"article\" \/>\n<meta property=\"og:title\" content=\"DEMON SLAYER - Verre XXL - 400 ml - Groupe - Yokai Distri\" \/>\n<meta property=\"og:description\" content=\"Demon Slayer\" \/>\n<meta property=\"og:url\" content=\"https:\/\/yokaidistri.com\/index.php\/produit\/demon-slayer-verre-xxl-400-ml-groupe\/\" \/>\n<meta property=\"og:site_name\" content=\"Yokai Distri\" \/>\n<meta property=\"article:modified_time\" content=\"2024-10-27T17:32:04+00:00\" \/>\n<meta name=\"twitter:card\" content=\"summary_large_image\" \/>\n<script type=\"application\/ld+json\" class=\"yoast-schema-graph\">{\"@context\":\"https:\/\/schema.org\",\"@graph\":[{\"@type\":\"WebPage\",\"@id\":\"https:\/\/yokaidistri.com\/index.php\/produit\/demon-slayer-verre-xxl-400-ml-groupe\/\",\"url\":\"https:\/\/yokaidistri.com\/index.php\/produit\/demon-slayer-verre-xxl-400-ml-groupe\/\",\"name\":\"DEMON SLAYER - Verre XXL - 400 ml - Groupe - Yokai Distri\",\"isPartOf\":{\"@id\":\"https:\/\/yokaidistri.com\/#website\"},\"datePublished\":\"2024-10-24T21:32:48+00:00\",\"dateModified\":\"2024-10-27T17:32:04+00:00\",\"breadcrumb\":{\"@id\":\"https:\/\/yokaidistri.com\/index.php\/produit\/demon-slayer-verre-xxl-400-ml-groupe\/#breadcrumb\"},\"inLanguage\":\"fr-FR\",\"potentialAction\":[{\"@type\":\"ReadAction\",\"target\":[\"https:\/\/yokaidistri.com\/index.php\/produit\/demon-slayer-verre-xxl-400-ml-groupe\/\"]}]},{\"@type\":\"BreadcrumbList\",\"@id\":\"https:\/\/yokaidistri.com\/index.php\/produit\/demon-slayer-verre-xxl-400-ml-groupe\/#breadcrumb\",\"itemListElement\":[{\"@type\":\"ListItem\",\"position\":1,\"name\":\"Accueil\",\"item\":\"https:\/\/yokaidistri.com\/\"},{\"@type\":\"ListItem\",\"position\":2,\"name\":\"Boutique\",\"item\":\"https:\/\/yokaidistri.com\/index.php\/boutique\/\"},{\"@type\":\"ListItem\",\"position\":3,\"name\":\"DEMON SLAYER &#8211; Verre XXL &#8211; 400 ml &#8211; Groupe\"}]},{\"@type\":\"WebSite\",\"@id\":\"https:\/\/yokaidistri.com\/#website\",\"url\":\"https:\/\/yokaidistri.com\/\",\"name\":\"Yokai Distri\",\"description\":\"Votre sp\u00e9cialiste Geek\",\"potentialAction\":[{\"@type\":\"SearchAction\",\"target\":{\"@type\":\"EntryPoint\",\"urlTemplate\":\"https:\/\/yokaidistri.com\/?s={search_term_string}\"},\"query-input\":{\"@type\":\"PropertyValueSpecification\",\"valueRequired\":true,\"valueName\":\"search_term_string\"}}],\"inLanguage\":\"fr-FR\"}]}<\/script>\n<!-- \/ Yoast SEO plugin. -->","yoast_head_json":{"title":"DEMON SLAYER - Verre XXL - 400 ml - Groupe - Yokai Distri","robots":{"index":"index","follow":"follow","max-snippet":"max-snippet:-1","max-image-preview":"max-image-preview:large","max-video-preview":"max-video-preview:-1"},"canonical":"https:\/\/yokaidistri.com\/index.php\/produit\/demon-slayer-verre-xxl-400-ml-groupe\/","og_locale":"fr_FR","og_type":"article","og_title":"DEMON SLAYER - Verre XXL - 400 ml - Groupe - Yokai Distri","og_description":"Demon Slayer","og_url":"https:\/\/yokaidistri.com\/index.php\/produit\/demon-slayer-verre-xxl-400-ml-groupe\/","og_site_name":"Yokai Distri","article_modified_time":"2024-10-27T17:32:04+00:00","twitter_card":"summary_large_image","schema":{"@context":"https:\/\/schema.org","@graph":[{"@type":"WebPage","@id":"https:\/\/yokaidistri.com\/index.php\/produit\/demon-slayer-verre-xxl-400-ml-groupe\/","url":"https:\/\/yokaidistri.com\/index.php\/produit\/demon-slayer-verre-xxl-400-ml-groupe\/","name":"DEMON SLAYER - Verre XXL - 400 ml - Groupe - Yokai Distri","isPartOf":{"@id":"https:\/\/yokaidistri.com\/#website"},"datePublished":"2024-10-24T21:32:48+00:00","dateModified":"2024-10-27T17:32:04+00:00","breadcrumb":{"@id":"https:\/\/yokaidistri.com\/index.php\/produit\/demon-slayer-verre-xxl-400-ml-groupe\/#breadcrumb"},"inLanguage":"fr-FR","potentialAction":[{"@type":"ReadAction","target":["https:\/\/yokaidistri.com\/index.php\/produit\/demon-slayer-verre-xxl-400-ml-groupe\/"]}]},{"@type":"BreadcrumbList","@id":"https:\/\/yokaidistri.com\/index.php\/produit\/demon-slayer-verre-xxl-400-ml-groupe\/#breadcrumb","itemListElement":[{"@type":"ListItem","position":1,"name":"Accueil","item":"https:\/\/yokaidistri.com\/"},{"@type":"ListItem","position":2,"name":"Boutique","item":"https:\/\/yokaidistri.com\/index.php\/boutique\/"},{"@type":"ListItem","position":3,"name":"DEMON SLAYER &#8211; Verre XXL &#8211; 400 ml &#8211; Groupe"}]},{"@type":"WebSite","@id":"https:\/\/yokaidistri.com\/#website","url":"https:\/\/yokaidistri.com\/","name":"Yokai Distri","description":"Votre sp\u00e9cialiste Geek","potentialAction":[{"@type":"SearchAction","target":{"@type":"EntryPoint","urlTemplate":"https:\/\/yokaidistri.com\/?s={search_term_string}"},"query-input":{"@type":"PropertyValueSpecification","valueRequired":true,"valueName":"search_term_string"}}],"inLanguage":"fr-FR"}]}},"_links":{"self":[{"href":"https:\/\/yokaidistri.com\/index.php\/wp-json\/wp\/v2\/product\/820","targetHints":{"allow":["GET"]}}],"collection":[{"href":"https:\/\/yokaidistri.com\/index.php\/wp-json\/wp\/v2\/product"}],"about":[{"href":"https:\/\/yokaidistri.com\/index.php\/wp-json\/wp\/v2\/types\/product"}],"replies":[{"embeddable":true,"href":"https:\/\/yokaidistri.com\/index.php\/wp-json\/wp\/v2\/comments?post=820"}],"wp:attachment":[{"href":"https:\/\/yokaidistri.com\/index.php\/wp-json\/wp\/v2\/media?parent=820"}],"wp:term":[{"taxonomy":"product_brand","embeddable":true,"href":"https:\/\/yokaidistri.com\/index.php\/wp-json\/wp\/v2\/product_brand?post=820"},{"taxonomy":"product_cat","embeddable":true,"href":"https:\/\/yokaidistri.com\/index.php\/wp-json\/wp\/v2\/product_cat?post=820"},{"taxonomy":"product_tag","embeddable":true,"href":"https:\/\/yokaidistri.com\/index.php\/wp-json\/wp\/v2\/product_tag?post=820"}],"curies":[{"name":"wp","href":"https:\/\/api.w.org\/{rel}","templated":true}]}}