{"id":1462,"date":"2024-10-24T23:36:09","date_gmt":"2024-10-24T21:36:09","guid":{"rendered":"https:\/\/yokaidistri.com\/index.php\/produit\/pop-naruto-naruto-71\/"},"modified":"2024-10-27T18:33:56","modified_gmt":"2024-10-27T17:33:56","slug":"pop-naruto-naruto-71","status":"publish","type":"product","link":"https:\/\/yokaidistri.com\/index.php\/produit\/pop-naruto-naruto-71\/","title":{"rendered":"Pop &#8211; NARUTO &#8211; Naruto (71)"},"content":{"rendered":"<p>Naruto est le personnage principal des mangas Naruto et des adaptations en dessin anim\u00e9 du m\u00eame nom. L&rsquo;action se d\u00e9roule dans un monde r\u00e9tro-futuriste o\u00f9 le malgr\u00e9 l&rsquo;important d\u00e9veloppement des technologies, les ninjas et les samoura\u00efs sont des membres importants de l&rsquo;arm\u00e9e. Naruto est un adolescent qui r\u00eave de devenir ninja mais ce ne sera pas facile pour lui \u00e0 cause du d\u00e9mon renard \u00e0 neuf queues (Kurama) qu&rsquo;il abrite en lui et qui suscite souvent la m\u00e9fiance des gens de son village.<\/p>\n","protected":false},"excerpt":{"rendered":"<p>Figurine Funko Pop en vinyle taille env. 9 cm, en emballage bo\u00eete-fen\u00eatre.<\/p>\n","protected":false},"featured_media":1461,"comment_status":"open","ping_status":"closed","template":"","meta":[],"product_brand":[],"product_cat":[544],"product_tag":[376,88,377],"class_list":{"0":"post-1462","1":"product","2":"type-product","3":"status-publish","4":"has-post-thumbnail","6":"product_cat-naruto","7":"product_tag-funko-pop","8":"product_tag-naruto","9":"product_tag-pop","11":"first","12":"instock","13":"taxable","14":"shipping-taxable","15":"product-type-simple"},"yoast_head":"<!-- This site is optimized with the Yoast SEO plugin v26.5 - https:\/\/yoast.com\/wordpress\/plugins\/seo\/ -->\n<title>Pop - NARUTO - Naruto (71) - Yokai Distri<\/title>\n<meta name=\"robots\" content=\"index, follow, max-snippet:-1, max-image-preview:large, max-video-preview:-1\" \/>\n<link rel=\"canonical\" href=\"https:\/\/yokaidistri.com\/index.php\/produit\/pop-naruto-naruto-71\/\" \/>\n<meta property=\"og:locale\" content=\"fr_FR\" \/>\n<meta property=\"og:type\" content=\"article\" \/>\n<meta property=\"og:title\" content=\"Pop - NARUTO - Naruto (71) - Yokai Distri\" \/>\n<meta property=\"og:description\" content=\"Figurine Funko Pop en vinyle taille env. 9 cm, en emballage bo\u00eete-fen\u00eatre.\" \/>\n<meta property=\"og:url\" content=\"https:\/\/yokaidistri.com\/index.php\/produit\/pop-naruto-naruto-71\/\" \/>\n<meta property=\"og:site_name\" content=\"Yokai Distri\" \/>\n<meta property=\"article:modified_time\" content=\"2024-10-27T17:33:56+00:00\" \/>\n<meta property=\"og:image\" content=\"https:\/\/yokaidistri.com\/wp-content\/uploads\/2024\/10\/figurine-funko-pop-anime-naruto-71-1-1.jpg\" \/>\n\t<meta property=\"og:image:width\" content=\"425\" \/>\n\t<meta property=\"og:image:height\" content=\"425\" \/>\n\t<meta property=\"og:image:type\" content=\"image\/jpeg\" \/>\n<meta name=\"twitter:card\" content=\"summary_large_image\" \/>\n<script type=\"application\/ld+json\" class=\"yoast-schema-graph\">{\"@context\":\"https:\/\/schema.org\",\"@graph\":[{\"@type\":\"WebPage\",\"@id\":\"https:\/\/yokaidistri.com\/index.php\/produit\/pop-naruto-naruto-71\/\",\"url\":\"https:\/\/yokaidistri.com\/index.php\/produit\/pop-naruto-naruto-71\/\",\"name\":\"Pop - NARUTO - Naruto (71) - Yokai Distri\",\"isPartOf\":{\"@id\":\"https:\/\/yokaidistri.com\/#website\"},\"primaryImageOfPage\":{\"@id\":\"https:\/\/yokaidistri.com\/index.php\/produit\/pop-naruto-naruto-71\/#primaryimage\"},\"image\":{\"@id\":\"https:\/\/yokaidistri.com\/index.php\/produit\/pop-naruto-naruto-71\/#primaryimage\"},\"thumbnailUrl\":\"https:\/\/yokaidistri.com\/wp-content\/uploads\/2024\/10\/figurine-funko-pop-anime-naruto-71-1-1.jpg\",\"datePublished\":\"2024-10-24T21:36:09+00:00\",\"dateModified\":\"2024-10-27T17:33:56+00:00\",\"breadcrumb\":{\"@id\":\"https:\/\/yokaidistri.com\/index.php\/produit\/pop-naruto-naruto-71\/#breadcrumb\"},\"inLanguage\":\"fr-FR\",\"potentialAction\":[{\"@type\":\"ReadAction\",\"target\":[\"https:\/\/yokaidistri.com\/index.php\/produit\/pop-naruto-naruto-71\/\"]}]},{\"@type\":\"ImageObject\",\"inLanguage\":\"fr-FR\",\"@id\":\"https:\/\/yokaidistri.com\/index.php\/produit\/pop-naruto-naruto-71\/#primaryimage\",\"url\":\"https:\/\/yokaidistri.com\/wp-content\/uploads\/2024\/10\/figurine-funko-pop-anime-naruto-71-1-1.jpg\",\"contentUrl\":\"https:\/\/yokaidistri.com\/wp-content\/uploads\/2024\/10\/figurine-funko-pop-anime-naruto-71-1-1.jpg\",\"width\":425,\"height\":425},{\"@type\":\"BreadcrumbList\",\"@id\":\"https:\/\/yokaidistri.com\/index.php\/produit\/pop-naruto-naruto-71\/#breadcrumb\",\"itemListElement\":[{\"@type\":\"ListItem\",\"position\":1,\"name\":\"Accueil\",\"item\":\"https:\/\/yokaidistri.com\/\"},{\"@type\":\"ListItem\",\"position\":2,\"name\":\"Boutique\",\"item\":\"https:\/\/yokaidistri.com\/index.php\/boutique\/\"},{\"@type\":\"ListItem\",\"position\":3,\"name\":\"Pop &#8211; NARUTO &#8211; Naruto (71)\"}]},{\"@type\":\"WebSite\",\"@id\":\"https:\/\/yokaidistri.com\/#website\",\"url\":\"https:\/\/yokaidistri.com\/\",\"name\":\"Yokai Distri\",\"description\":\"Votre sp\u00e9cialiste Geek\",\"potentialAction\":[{\"@type\":\"SearchAction\",\"target\":{\"@type\":\"EntryPoint\",\"urlTemplate\":\"https:\/\/yokaidistri.com\/?s={search_term_string}\"},\"query-input\":{\"@type\":\"PropertyValueSpecification\",\"valueRequired\":true,\"valueName\":\"search_term_string\"}}],\"inLanguage\":\"fr-FR\"}]}<\/script>\n<!-- \/ Yoast SEO plugin. -->","yoast_head_json":{"title":"Pop - NARUTO - Naruto (71) - Yokai Distri","robots":{"index":"index","follow":"follow","max-snippet":"max-snippet:-1","max-image-preview":"max-image-preview:large","max-video-preview":"max-video-preview:-1"},"canonical":"https:\/\/yokaidistri.com\/index.php\/produit\/pop-naruto-naruto-71\/","og_locale":"fr_FR","og_type":"article","og_title":"Pop - NARUTO - Naruto (71) - Yokai Distri","og_description":"Figurine Funko Pop en vinyle taille env. 9 cm, en emballage bo\u00eete-fen\u00eatre.","og_url":"https:\/\/yokaidistri.com\/index.php\/produit\/pop-naruto-naruto-71\/","og_site_name":"Yokai Distri","article_modified_time":"2024-10-27T17:33:56+00:00","og_image":[{"width":425,"height":425,"url":"https:\/\/yokaidistri.com\/wp-content\/uploads\/2024\/10\/figurine-funko-pop-anime-naruto-71-1-1.jpg","type":"image\/jpeg"}],"twitter_card":"summary_large_image","schema":{"@context":"https:\/\/schema.org","@graph":[{"@type":"WebPage","@id":"https:\/\/yokaidistri.com\/index.php\/produit\/pop-naruto-naruto-71\/","url":"https:\/\/yokaidistri.com\/index.php\/produit\/pop-naruto-naruto-71\/","name":"Pop - NARUTO - Naruto (71) - Yokai Distri","isPartOf":{"@id":"https:\/\/yokaidistri.com\/#website"},"primaryImageOfPage":{"@id":"https:\/\/yokaidistri.com\/index.php\/produit\/pop-naruto-naruto-71\/#primaryimage"},"image":{"@id":"https:\/\/yokaidistri.com\/index.php\/produit\/pop-naruto-naruto-71\/#primaryimage"},"thumbnailUrl":"https:\/\/yokaidistri.com\/wp-content\/uploads\/2024\/10\/figurine-funko-pop-anime-naruto-71-1-1.jpg","datePublished":"2024-10-24T21:36:09+00:00","dateModified":"2024-10-27T17:33:56+00:00","breadcrumb":{"@id":"https:\/\/yokaidistri.com\/index.php\/produit\/pop-naruto-naruto-71\/#breadcrumb"},"inLanguage":"fr-FR","potentialAction":[{"@type":"ReadAction","target":["https:\/\/yokaidistri.com\/index.php\/produit\/pop-naruto-naruto-71\/"]}]},{"@type":"ImageObject","inLanguage":"fr-FR","@id":"https:\/\/yokaidistri.com\/index.php\/produit\/pop-naruto-naruto-71\/#primaryimage","url":"https:\/\/yokaidistri.com\/wp-content\/uploads\/2024\/10\/figurine-funko-pop-anime-naruto-71-1-1.jpg","contentUrl":"https:\/\/yokaidistri.com\/wp-content\/uploads\/2024\/10\/figurine-funko-pop-anime-naruto-71-1-1.jpg","width":425,"height":425},{"@type":"BreadcrumbList","@id":"https:\/\/yokaidistri.com\/index.php\/produit\/pop-naruto-naruto-71\/#breadcrumb","itemListElement":[{"@type":"ListItem","position":1,"name":"Accueil","item":"https:\/\/yokaidistri.com\/"},{"@type":"ListItem","position":2,"name":"Boutique","item":"https:\/\/yokaidistri.com\/index.php\/boutique\/"},{"@type":"ListItem","position":3,"name":"Pop &#8211; NARUTO &#8211; Naruto (71)"}]},{"@type":"WebSite","@id":"https:\/\/yokaidistri.com\/#website","url":"https:\/\/yokaidistri.com\/","name":"Yokai Distri","description":"Votre sp\u00e9cialiste Geek","potentialAction":[{"@type":"SearchAction","target":{"@type":"EntryPoint","urlTemplate":"https:\/\/yokaidistri.com\/?s={search_term_string}"},"query-input":{"@type":"PropertyValueSpecification","valueRequired":true,"valueName":"search_term_string"}}],"inLanguage":"fr-FR"}]}},"_links":{"self":[{"href":"https:\/\/yokaidistri.com\/index.php\/wp-json\/wp\/v2\/product\/1462","targetHints":{"allow":["GET"]}}],"collection":[{"href":"https:\/\/yokaidistri.com\/index.php\/wp-json\/wp\/v2\/product"}],"about":[{"href":"https:\/\/yokaidistri.com\/index.php\/wp-json\/wp\/v2\/types\/product"}],"replies":[{"embeddable":true,"href":"https:\/\/yokaidistri.com\/index.php\/wp-json\/wp\/v2\/comments?post=1462"}],"wp:featuredmedia":[{"embeddable":true,"href":"https:\/\/yokaidistri.com\/index.php\/wp-json\/wp\/v2\/media\/1461"}],"wp:attachment":[{"href":"https:\/\/yokaidistri.com\/index.php\/wp-json\/wp\/v2\/media?parent=1462"}],"wp:term":[{"taxonomy":"product_brand","embeddable":true,"href":"https:\/\/yokaidistri.com\/index.php\/wp-json\/wp\/v2\/product_brand?post=1462"},{"taxonomy":"product_cat","embeddable":true,"href":"https:\/\/yokaidistri.com\/index.php\/wp-json\/wp\/v2\/product_cat?post=1462"},{"taxonomy":"product_tag","embeddable":true,"href":"https:\/\/yokaidistri.com\/index.php\/wp-json\/wp\/v2\/product_tag?post=1462"}],"curies":[{"name":"wp","href":"https:\/\/api.w.org\/{rel}","templated":true}]}}